{"id":13,"date":"2025-06-05T22:51:28","date_gmt":"2025-06-05T22:51:28","guid":{"rendered":"http:\/\/automotorasilva.cl\/?page_id=13"},"modified":"2025-06-10T14:57:31","modified_gmt":"2025-06-10T14:57:31","slug":"13-2","status":"publish","type":"page","link":"https:\/\/automotorasilva.cl\/","title":{"rendered":"Inicio"},"content":{"rendered":"\n<div class=\"wp-block-uagb-container uagb-block-29699kot alignfull uagb-is-root-container\"><\/div>\n\n\n\n<div class=\"wp-block-uagb-container uagb-block-9noonuiy alignwide uagb-is-root-container\">\n<div class=\"wp-block-uagb-info-box uagb-block-acs0a4kh uagb-infobox__content-wrap  uagb-infobox-icon-above-title uagb-infobox-image-valign-top\"><div class=\"uagb-ifb-content\"><div class=\"uagb-ifb-title-wrap\"><h1 class=\"uagb-ifb-title\">Automotora Silva<\/h1><\/div><p class=\"uagb-ifb-desc\"><strong>Vendemos confianza, compramos tu auto al instante.<\/strong><br>En Automotora Silva, simplificamos el proceso de venta de tu veh\u00edculo. Recibe una tasaci\u00f3n justa, sin tr\u00e1mites engorrosos, con pago r\u00e1pido y seguro. \u00a1Eval\u00faa tu auto hoy mismo!<\/p><\/div><\/div>\n\n\n\n<div class=\"wp-block-uagb-container uagb-block-aphbei6k\">\n<div class=\"wp-block-uagb-container uagb-block-vcprx0g1\">\n<div class=\"wp-block-uagb-image alignleft uagb-block-fqmfttv2 wp-block-uagb-image--layout-default wp-block-uagb-image--effect-static wp-block-uagb-image--align-left\"><figure class=\"wp-block-uagb-image__figure\"><img decoding=\"async\" srcset=\"https:\/\/automotorasilva.cl\/wp-content\/uploads\/2025\/06\/pexels-photo-112460-112460-1024x683.jpg ,https:\/\/automotorasilva.cl\/wp-content\/uploads\/2025\/06\/pexels-photo-112460-112460-scaled.jpg 780w, https:\/\/automotorasilva.cl\/wp-content\/uploads\/2025\/06\/pexels-photo-112460-112460-scaled.jpg 360w\" sizes=\"auto, (max-width: 480px) 150px\" src=\"https:\/\/automotorasilva.cl\/wp-content\/uploads\/2025\/06\/pexels-photo-112460-112460-1024x683.jpg\" alt=\"Front view of a luxury Mercedes-Benz AMG against a natural backdrop.\" class=\"uag-image-30\" width=\"352\" height=\"260\" title=\"pexels-photo-112460-112460\" loading=\"lazy\" role=\"img\"\/><\/figure><\/div>\n\n\n\n<div class=\"wp-block-uagb-info-box uagb-block-sswxtyaf uagb-infobox__content-wrap  uagb-infobox-icon-above-title uagb-infobox-image-valign-top\"><div class=\"uagb-ifb-content\"><div class=\"uagb-ifb-title-wrap\"><\/div><p class=\"uagb-ifb-desc\"><strong>Aceptamos todo tipo de veh\u00edculos:<\/strong><br>Autos nuevos o usados<br>Con o sin deuda<\/p><\/div><\/div>\n<\/div>\n\n\n\n<div class=\"wp-block-uagb-container uagb-block-punsuzjs\">\n<div class=\"wp-block-uagb-image alignleft uagb-block-fszgvq6q wp-block-uagb-image--layout-default wp-block-uagb-image--effect-static wp-block-uagb-image--align-left\"><figure class=\"wp-block-uagb-image__figure\"><img decoding=\"async\" srcset=\"https:\/\/automotorasilva.cl\/wp-content\/uploads\/2025\/06\/pexels-photo-70912-70912-1024x640.jpg ,https:\/\/automotorasilva.cl\/wp-content\/uploads\/2025\/06\/pexels-photo-70912-70912-scaled.jpg 780w, https:\/\/automotorasilva.cl\/wp-content\/uploads\/2025\/06\/pexels-photo-70912-70912-scaled.jpg 360w\" sizes=\"auto, (max-width: 480px) 150px\" src=\"https:\/\/automotorasilva.cl\/wp-content\/uploads\/2025\/06\/pexels-photo-70912-70912-1024x640.jpg\" alt=\"Close-up black and white image of a luxury car line-up focusing on vehicle headlights.\" class=\"uag-image-31\" width=\"352\" height=\"260\" title=\"pexels-photo-70912-70912\" loading=\"lazy\" role=\"img\"\/><\/figure><\/div>\n\n\n\n<div class=\"wp-block-uagb-info-box uagb-block-uhhor501 uagb-infobox__content-wrap  uagb-infobox-icon-above-title uagb-infobox-image-valign-top\"><div class=\"uagb-ifb-content\"><div class=\"uagb-ifb-title-wrap\"><\/div><p class=\"uagb-ifb-desc\">Compramos tu auto en el estado que est\u00e9 con o sin deuda y en cualquier localidad del pa\u00eds<\/p><\/div><\/div>\n<\/div>\n\n\n\n<div class=\"wp-block-uagb-container uagb-block-vaqjgifj\">\n<div class=\"wp-block-uagb-image alignleft uagb-block-f11ivwj7 wp-block-uagb-image--layout-default wp-block-uagb-image--effect-static wp-block-uagb-image--align-left\"><figure class=\"wp-block-uagb-image__figure\"><img decoding=\"async\" srcset=\"https:\/\/automotorasilva.cl\/wp-content\/uploads\/2025\/06\/g2c6e4b223265c9e605f249242dc6162a9ab8e3ede030bfe4de1db7810c68144895c1c2b70868c1abd45395432f30ab3e6ca226280c655f144e73e4eaa49e311f_1280-1281698-1024x682.jpg ,https:\/\/automotorasilva.cl\/wp-content\/uploads\/2025\/06\/g2c6e4b223265c9e605f249242dc6162a9ab8e3ede030bfe4de1db7810c68144895c1c2b70868c1abd45395432f30ab3e6ca226280c655f144e73e4eaa49e311f_1280-1281698.jpg 780w, https:\/\/automotorasilva.cl\/wp-content\/uploads\/2025\/06\/g2c6e4b223265c9e605f249242dc6162a9ab8e3ede030bfe4de1db7810c68144895c1c2b70868c1abd45395432f30ab3e6ca226280c655f144e73e4eaa49e311f_1280-1281698.jpg 360w\" sizes=\"auto, (max-width: 480px) 150px\" src=\"https:\/\/automotorasilva.cl\/wp-content\/uploads\/2025\/06\/g2c6e4b223265c9e605f249242dc6162a9ab8e3ede030bfe4de1db7810c68144895c1c2b70868c1abd45395432f30ab3e6ca226280c655f144e73e4eaa49e311f_1280-1281698-1024x682.jpg\" alt=\"car, sports car, car wallpapers, ferrari, steering wheel, ferrari 458 italia, ferrari 458 speciale, interior, car interior, vehicle, automobile, automotive, luxury car\" class=\"uag-image-33\" width=\"352\" height=\"260\" title=\"g2c6e4b223265c9e605f249242dc6162a9ab8e3ede030bfe4de1db7810c68144895c1c2b70868c1abd45395432f30ab3e6ca226280c655f144e73e4eaa49e311f_1280-1281698\" loading=\"lazy\" role=\"img\"\/><\/figure><\/div>\n\n\n\n<div class=\"wp-block-uagb-info-box uagb-block-g1zycknn uagb-infobox__content-wrap  uagb-infobox-icon-above-title uagb-infobox-image-valign-top\"><div class=\"uagb-ifb-content\"><div class=\"uagb-ifb-title-wrap\"><\/div><p class=\"uagb-ifb-desc\"><strong>No importa la marca ni el modelo.<\/strong> Valoramos tu veh\u00edculo de forma justa y profesional.<\/p><\/div><\/div>\n<\/div>\n<\/div>\n<\/div>\n\n\n\n<div class=\"wp-block-uagb-container uagb-block-22ed50f4 alignfull uagb-is-root-container\"><div class=\"uagb-container-inner-blocks-wrap\">\n<div class=\"wp-block-uagb-container uagb-block-57d6fadb\"><\/div>\n\n\n\n<div class=\"wp-block-uagb-container uagb-block-1362848d\">\n<div class=\"wp-block-uagb-buttons uagb-buttons__outer-wrap uagb-btn__default-btn uagb-btn-tablet__default-btn uagb-btn-mobile__default-btn uagb-block-d722dba8\"><div class=\"uagb-buttons__wrap uagb-buttons-layout-wrap \">\n<div class=\"wp-block-uagb-buttons-child uagb-buttons__outer-wrap uagb-block-5c514254 wp-block-button\"><div class=\"uagb-button__wrapper\"><a class=\"uagb-buttons-repeater wp-block-button__link\" aria-label=\"\" href=\"https:\/\/api.whatsapp.com\/send?phone=+56998427878&amp;text=Hola,\" rel=\"follow noopener\" target=\"_blank\" role=\"button\"><div class=\"uagb-button__link\">Cont\u00e1ctenos<\/div><\/a><\/div><\/div>\n<\/div><\/div>\n<\/div>\n\n\n\n<div class=\"wp-block-uagb-container uagb-block-d7fdc06a\"><\/div>\n<\/div><\/div>\n\n\n\n<p class=\"has-ast-global-color-4-background-color has-background\"><\/p>\n","protected":false},"excerpt":{"rendered":"","protected":false},"author":1,"featured_media":0,"parent":0,"menu_order":0,"comment_status":"closed","ping_status":"closed","template":"","meta":{"_uag_custom_page_level_css":"","site-sidebar-layout":"default","site-content-layout":"","ast-site-content-layout":"","site-content-style":"default","site-sidebar-style":"default","ast-global-header-display":"","ast-banner-title-visibility":"","ast-main-header-display":"","ast-hfb-above-header-display":"","ast-hfb-below-header-display":"","ast-hfb-mobile-header-display":"","site-post-title":"disabled","ast-breadcrumbs-content":"","ast-featured-img":"","footer-sml-layout":"","theme-transparent-header-meta":"","adv-header-id-meta":"","stick-header-meta":"","header-above-stick-meta":"","header-main-stick-meta":"","header-below-stick-meta":"","astra-migrate-meta-layouts":"default","ast-page-background-enabled":"default","ast-page-background-meta":{"desktop":{"background-color":"var(--ast-global-color-5)","background-image":"","background-repeat":"repeat","background-position":"center center","background-size":"auto","background-attachment":"scroll","background-type":"","background-media":"","overlay-type":"","overlay-color":"","overlay-opacity":"","overlay-gradient":""},"tablet":{"background-color":"","background-image":"","background-repeat":"repeat","background-position":"center center","background-size":"auto","background-attachment":"scroll","background-type":"","background-media":"","overlay-type":"","overlay-color":"","overlay-opacity":"","overlay-gradient":""},"mobile":{"background-color":"","background-image":"","background-repeat":"repeat","background-position":"center center","background-size":"auto","background-attachment":"scroll","background-type":"","background-media":"","overlay-type":"","overlay-color":"","overlay-opacity":"","overlay-gradient":""}},"ast-content-background-meta":{"desktop":{"background-color":"var(--ast-global-color-4)","background-image":"","background-repeat":"repeat","background-position":"center center","background-size":"auto","background-attachment":"scroll","background-type":"","background-media":"","overlay-type":"","overlay-color":"","overlay-opacity":"","overlay-gradient":""},"tablet":{"background-color":"var(--ast-global-color-4)","background-image":"","background-repeat":"repeat","background-position":"center center","background-size":"auto","background-attachment":"scroll","background-type":"","background-media":"","overlay-type":"","overlay-color":"","overlay-opacity":"","overlay-gradient":""},"mobile":{"background-color":"var(--ast-global-color-4)","background-image":"","background-repeat":"repeat","background-position":"center center","background-size":"auto","background-attachment":"scroll","background-type":"","background-media":"","overlay-type":"","overlay-color":"","overlay-opacity":"","overlay-gradient":""}},"footnotes":""},"class_list":["post-13","page","type-page","status-publish","hentry"],"uagb_featured_image_src":{"full":false,"thumbnail":false,"medium":false,"medium_large":false,"large":false,"1536x1536":false,"2048x2048":false},"uagb_author_info":{"display_name":"silva-admin","author_link":"https:\/\/automotorasilva.cl\/?author=1"},"uagb_comment_info":0,"uagb_excerpt":null,"_links":{"self":[{"href":"https:\/\/automotorasilva.cl\/index.php?rest_route=\/wp\/v2\/pages\/13","targetHints":{"allow":["GET"]}}],"collection":[{"href":"https:\/\/automotorasilva.cl\/index.php?rest_route=\/wp\/v2\/pages"}],"about":[{"href":"https:\/\/automotorasilva.cl\/index.php?rest_route=\/wp\/v2\/types\/page"}],"author":[{"embeddable":true,"href":"https:\/\/automotorasilva.cl\/index.php?rest_route=\/wp\/v2\/users\/1"}],"replies":[{"embeddable":true,"href":"https:\/\/automotorasilva.cl\/index.php?rest_route=%2Fwp%2Fv2%2Fcomments&post=13"}],"version-history":[{"count":35,"href":"https:\/\/automotorasilva.cl\/index.php?rest_route=\/wp\/v2\/pages\/13\/revisions"}],"predecessor-version":[{"id":70,"href":"https:\/\/automotorasilva.cl\/index.php?rest_route=\/wp\/v2\/pages\/13\/revisions\/70"}],"wp:attachment":[{"href":"https:\/\/automotorasilva.cl\/index.php?rest_route=%2Fwp%2Fv2%2Fmedia&parent=13"}],"curies":[{"name":"wp","href":"https:\/\/api.w.org\/{rel}","templated":true}]}}